{"id":849,"date":"2013-10-06T15:59:37","date_gmt":"2013-10-06T15:59:37","guid":{"rendered":"http:\/\/www.blogsmenesiano.com\/abrirlosoidosdelcorazon\/?page_id=849"},"modified":"2020-06-07T09:56:32","modified_gmt":"2020-06-07T08:56:32","slug":"oracion","status":"publish","type":"page","link":"http:\/\/www.blogsmenesiano.com\/abrirlosoidosdelcorazon\/oracion\/","title":{"rendered":"ORACI\u00d3N del D\u00cdA"},"content":{"rendered":"<div class=\"description\">\n<div class=\"desc-content\">\n<p style=\"text-align: center\">ORACIONES DE LA <a href=\"https:\/\/view.genial.ly\/5ed180099be45e112004cec8\">ESPIGA<\/a><\/p>\n<p style=\"text-align: center\">Acceso al blog \u00a0de la Fundaci\u00f3n Escuela Cat\u00f3lica <a href=\"http:\/\/pastoral.colegiosfec.com\/blog\/\">FEC<\/a><br \/>\nque nos ofrece una oraci\u00f3n nueva cada d\u00eda (gracias!!):<\/p>\n<p style=\"text-align: center\"><a href=\"http:\/\/pastoral.colegiosfec.com\/blog\/\"><img loading=\"lazy\" class=\"alignnone size-full wp-image-3318\" src=\"http:\/\/www.blogsmenesiano.com\/abrirlosoidosdelcorazon\/wp-content\/uploads\/sites\/27\/2013\/10\/Captura-de-pantalla-2016-02-11-a-las-8.27.25.png\" alt=\"Captura de pantalla 2016-02-11 a las 8.27.25\" width=\"186\" height=\"120\" \/><\/a><\/p>\n<p style=\"text-align: center\">Evangelio del d\u00eda:<\/p>\n<p style=\"text-align: center\"><a href=\"http:\/\/evangeli.net\/evangelio\"><img loading=\"lazy\" class=\"alignnone size-medium wp-image-3322\" src=\"http:\/\/www.blogsmenesiano.com\/abrirlosoidosdelcorazon\/wp-content\/uploads\/sites\/27\/2013\/10\/Captura-de-pantalla-2016-02-11-a-las-9.06.16-300x74.png\" alt=\"Captura de pantalla 2016-02-11 a las 9.06.16\" width=\"300\" height=\"74\" srcset=\"http:\/\/www.blogsmenesiano.com\/abrirlosoidosdelcorazon\/wp-content\/uploads\/sites\/27\/2013\/10\/Captura-de-pantalla-2016-02-11-a-las-9.06.16-300x74.png 300w, http:\/\/www.blogsmenesiano.com\/abrirlosoidosdelcorazon\/wp-content\/uploads\/sites\/27\/2013\/10\/Captura-de-pantalla-2016-02-11-a-las-9.06.16.png 375w\" sizes=\"(max-width: 300px) 100vw, 300px\" \/><\/a><\/p>\n<p>ADORA Y CONF\u00cdA<\/p>\n<p>No te inquietes por las dificultades de la vida,<br \/>\npor sus altibajos, por sus decepciones,<br \/>\npor su porvenir m\u00e1s o menos sombr\u00edo.<br \/>\nQuiere lo que Dios quiere.<br \/>\nOfr\u00e9cele en medio de inquietudes y dificultades<br \/>\nel sacrificio de tu alma sencilla que,<br \/>\npese a todo,<br \/>\nacepta los designios de su providencia.<br \/>\nPoco importa que te consideres un frustrado<br \/>\nsi Dios te considera plenamente realizado,<br \/>\na su gusto.<br \/>\nPi\u00e9rdete confiado ciegamente en ese Dios<br \/>\nque te quiere para s\u00ed.<br \/>\nY que llegar\u00e1 hasta ti, aunque jam\u00e1s lo veas.<br \/>\nPiensa que est\u00e1s en sus manos,<br \/>\ntanto m\u00e1s fuertemente cogido,<br \/>\ncuanto m\u00e1s deca\u00eddo y triste te encuentres.<br \/>\nVive feliz. Te lo suplico. Vive en paz.<br \/>\nQue nada te altere.<br \/>\nQue nada sea capaz de quitarte tu paz.<br \/>\nNi la fatiga ps\u00edquica. Ni tus fallos morales.<br \/>\nHaz que brote,<br \/>\ny conserva siempre sobre tu rostro,<br \/>\nuna dulce sonrisa,<br \/>\nreflejo de la que el Se\u00f1or<br \/>\ncontinuamente te dirige.<br \/>\nY en el fondo de tu alma coloca,<br \/>\nantes que nada,<br \/>\ncomo fuente de energ\u00eda y criterio de verdad,<br \/>\ntodo aquello que te llene de la paz de Dios.<br \/>\nRecuerda:<br \/>\ncuanto te deprima e inquiete es falso.<br \/>\nTe lo aseguro en el nombre<br \/>\nde las leyes de la vida<br \/>\ny de las promesas de Dios.<br \/>\nPor eso,<br \/>\ncuando te sientas apesadumbrado, triste,<br \/>\nadora y conf\u00eda.<\/p>\n<\/div>\n<\/div>\n<div class=\"clear\"><\/div>\n<div class=\"infoblock twocols\">\n<ul>\n<li>\n<div>\n<div class=\"value field_created_by\">Teilhard de Chardin<\/div>\n<\/div>\n<\/li>\n<\/ul>\n<\/div>\n","protected":false},"excerpt":{"rendered":"<p>ORACIONES DE LA ESPIGA Acceso al blog \u00a0de la Fundaci\u00f3n Escuela Cat\u00f3lica FEC que nos ofrece una oraci\u00f3n nueva cada d\u00eda (gracias!!): Evangelio del d\u00eda: ADORA Y CONF\u00cdA No te inquietes por las dificultades de la vida, por sus altibajos, por sus decepciones, por su porvenir m\u00e1s o menos sombr\u00edo. Quiere lo que Dios quiere. &hellip; <a href=\"http:\/\/www.blogsmenesiano.com\/abrirlosoidosdelcorazon\/oracion\/\" class=\"more-link\">Sigue leyendo <span class=\"screen-reader-text\">ORACI\u00d3N del D\u00cdA<\/span><\/a><\/p>\n","protected":false},"author":60,"featured_media":0,"parent":0,"menu_order":7,"comment_status":"open","ping_status":"open","template":"","meta":[],"_links":{"self":[{"href":"http:\/\/www.blogsmenesiano.com\/abrirlosoidosdelcorazon\/wp-json\/wp\/v2\/pages\/849"}],"collection":[{"href":"http:\/\/www.blogsmenesiano.com\/abrirlosoidosdelcorazon\/wp-json\/wp\/v2\/pages"}],"about":[{"href":"http:\/\/www.blogsmenesiano.com\/abrirlosoidosdelcorazon\/wp-json\/wp\/v2\/types\/page"}],"author":[{"embeddable":true,"href":"http:\/\/www.blogsmenesiano.com\/abrirlosoidosdelcorazon\/wp-json\/wp\/v2\/users\/60"}],"replies":[{"embeddable":true,"href":"http:\/\/www.blogsmenesiano.com\/abrirlosoidosdelcorazon\/wp-json\/wp\/v2\/comments?post=849"}],"version-history":[{"count":19,"href":"http:\/\/www.blogsmenesiano.com\/abrirlosoidosdelcorazon\/wp-json\/wp\/v2\/pages\/849\/revisions"}],"predecessor-version":[{"id":7111,"href":"http:\/\/www.blogsmenesiano.com\/abrirlosoidosdelcorazon\/wp-json\/wp\/v2\/pages\/849\/revisions\/7111"}],"wp:attachment":[{"href":"http:\/\/www.blogsmenesiano.com\/abrirlosoidosdelcorazon\/wp-json\/wp\/v2\/media?parent=849"}],"curies":[{"name":"wp","href":"https:\/\/api.w.org\/{rel}","templated":true}]}}