{"id":106,"date":"2020-11-15T15:34:43","date_gmt":"2020-11-15T15:34:43","guid":{"rendered":"http:\/\/www.blogsmenesiano.com\/montamoselbelen\/?page_id=106"},"modified":"2020-12-08T16:24:51","modified_gmt":"2020-12-08T16:24:51","slug":"el-palacio-de-herodes","status":"publish","type":"page","link":"http:\/\/www.blogsmenesiano.com\/montamoselbelen\/escenas\/el-palacio-de-herodes\/","title":{"rendered":"El Palacio de Herodes"},"content":{"rendered":"<h1 style=\"text-align: center\"><span style=\"color: #0000ff\">LOS REYES MAGOS EN EL PALACIO DE HERODES<\/span><\/h1>\n<p style=\"text-align: center\"><iframe loading=\"lazy\" src=\"https:\/\/drive.google.com\/file\/d\/1Ku5az3Uxw634EIOZJNE1lCzecx7QoMcb\/preview\" width=\"450\" height=\"250\"><span data-mce-type=\"bookmark\" style=\"width: 0px;overflow: hidden;line-height: 0\" class=\"mce_SELRES_start\">\ufeff<\/span><\/iframe><\/p>\n<h1 style=\"text-align: center\">EVANGELIO (Mt 2, 1-8)\u00a0 Lectura: H\u00ba Luis Manuel Cuesta<\/h1>\n<p>&nbsp;<\/p>\n<p style=\"text-align: justify\"><img loading=\"lazy\" class=\"wp-image-338 alignleft\" style=\"border: 0px\" src=\"http:\/\/www.blogsmenesiano.com\/montamoselbelen\/wp-content\/uploads\/sites\/29\/2020\/11\/Herodes-300x219.jpg\" alt=\"\" width=\"257\" height=\"190\" \/>El Rey Herodes el Grande rein\u00f3 sobre el pueblo jud\u00edo. Destac\u00f3 como buen administrador y constructor de grandes edificios, e incluso por sus gestos humanitarios, pero su pueblo nunca lo quiso por distintas causas:<\/p>\n<p><small>1\u00ba.- Por no tener or\u00edgenes puros jud\u00edos (padre jud\u00edo y madre \u00e1rabe.)<\/small><br \/>\n<small>2\u00ba.- Por no seguir las tradiciones jud\u00edas.<\/small><br \/>\n<small>3\u00ba.- Por derramar la sangre de su pueblo para conseguir un reino controlado por los romanos.<\/small><br \/>\n<small>4\u00ba.- Por saquear la tumba del Rey\u00a0 David (2\u00ba Rey leg\u00edtimo de Israel) en Bel\u00e9n.<\/small><br \/>\n<small>5\u00ba.-\u00a0 Por seguir las tradiciones paganas romanas, como hacer luchas de gladiadores, construir circos, erigir estatuas en sus palacios, etc&#8230;<\/small><\/p>\n<p style=\"text-align: justify\">Por todo ello, la guardia que acompa\u00f1aba a Herodes estaba compuesta de mercenarios de otros pa\u00edses que pagaba para que le defendieran, ya que no se fiaba ni de los romanos, ni de los jud\u00edos.<\/p>\n<p><img loading=\"lazy\" class=\"aligncenter wp-image-333 size-full\" style=\"border: 0px\" src=\"http:\/\/www.blogsmenesiano.com\/montamoselbelen\/wp-content\/uploads\/sites\/29\/2020\/11\/HERODES-sabias-que.jpg\" alt=\"\" width=\"591\" height=\"788\" srcset=\"http:\/\/www.blogsmenesiano.com\/montamoselbelen\/wp-content\/uploads\/sites\/29\/2020\/11\/HERODES-sabias-que.jpg 591w, http:\/\/www.blogsmenesiano.com\/montamoselbelen\/wp-content\/uploads\/sites\/29\/2020\/11\/HERODES-sabias-que-225x300.jpg 225w\" sizes=\"(max-width: 591px) 100vw, 591px\" \/><\/p>\n<hr \/>\n<p><img loading=\"lazy\" class=\"aligncenter wp-image-323 size-full\" style=\"border: 0px\" src=\"http:\/\/www.blogsmenesiano.com\/montamoselbelen\/wp-content\/uploads\/sites\/29\/2020\/11\/romanos-2.jpg\" alt=\"\" width=\"711\" height=\"830\" srcset=\"http:\/\/www.blogsmenesiano.com\/montamoselbelen\/wp-content\/uploads\/sites\/29\/2020\/11\/romanos-2.jpg 711w, http:\/\/www.blogsmenesiano.com\/montamoselbelen\/wp-content\/uploads\/sites\/29\/2020\/11\/romanos-2-257x300.jpg 257w\" sizes=\"(max-width: 711px) 100vw, 711px\" \/><\/p>\n","protected":false},"excerpt":{"rendered":"<p>LOS REYES MAGOS EN EL PALACIO DE HERODES \ufeff EVANGELIO (Mt 2, 1-8)\u00a0 Lectura: H\u00ba Luis Manuel Cuesta &nbsp; El Rey Herodes el Grande rein\u00f3 sobre el pueblo jud\u00edo. Destac\u00f3 como buen administrador y constructor de grandes edificios, e incluso &hellip; <a href=\"http:\/\/www.blogsmenesiano.com\/montamoselbelen\/escenas\/el-palacio-de-herodes\/\">Sigue leyendo <span class=\"meta-nav\">&rarr;<\/span><\/a><\/p>\n","protected":false},"author":74,"featured_media":0,"parent":14,"menu_order":3,"comment_status":"closed","ping_status":"closed","template":"showcase.php","meta":[],"_links":{"self":[{"href":"http:\/\/www.blogsmenesiano.com\/montamoselbelen\/wp-json\/wp\/v2\/pages\/106"}],"collection":[{"href":"http:\/\/www.blogsmenesiano.com\/montamoselbelen\/wp-json\/wp\/v2\/pages"}],"about":[{"href":"http:\/\/www.blogsmenesiano.com\/montamoselbelen\/wp-json\/wp\/v2\/types\/page"}],"author":[{"embeddable":true,"href":"http:\/\/www.blogsmenesiano.com\/montamoselbelen\/wp-json\/wp\/v2\/users\/74"}],"replies":[{"embeddable":true,"href":"http:\/\/www.blogsmenesiano.com\/montamoselbelen\/wp-json\/wp\/v2\/comments?post=106"}],"version-history":[{"count":34,"href":"http:\/\/www.blogsmenesiano.com\/montamoselbelen\/wp-json\/wp\/v2\/pages\/106\/revisions"}],"predecessor-version":[{"id":569,"href":"http:\/\/www.blogsmenesiano.com\/montamoselbelen\/wp-json\/wp\/v2\/pages\/106\/revisions\/569"}],"up":[{"embeddable":true,"href":"http:\/\/www.blogsmenesiano.com\/montamoselbelen\/wp-json\/wp\/v2\/pages\/14"}],"wp:attachment":[{"href":"http:\/\/www.blogsmenesiano.com\/montamoselbelen\/wp-json\/wp\/v2\/media?parent=106"}],"curies":[{"name":"wp","href":"https:\/\/api.w.org\/{rel}","templated":true}]}}