{"id":2,"date":"2020-11-06T11:20:38","date_gmt":"2020-11-06T11:20:38","guid":{"rendered":"http:\/\/www.blogsmenesiano.com\/montamoselbelen\/?page_id=2"},"modified":"2022-12-26T15:41:21","modified_gmt":"2022-12-26T15:41:21","slug":"pagina-ejemplo","status":"publish","type":"page","link":"http:\/\/www.blogsmenesiano.com\/montamoselbelen\/","title":{"rendered":"BIENVENIDOS"},"content":{"rendered":"\r\n<p style=\"text-align: center\"><strong>DECLARACI\u00d3N DEL BELENISMO COMO MANIFESTACI\u00d3N REPRESENTATIVA DEL PATRIMONIO CULTURAL INMATERIAL <\/strong><\/p>\r\n<p style=\"text-align: center\"><strong>(Real Decreto 481\/2022, de 14 de junio)<\/strong><\/p>\r\n<hr \/>\r\n<p style=\"text-align: center\"><strong>EL BEL\u00c9N DEL COLEGIO MENESIANO 2022 PREMIADO CON<\/strong><\/p>\r\n<h1 style=\"text-align: center\"><span style=\"color: #0000ff\"><strong> MEDALLA DE PLATA <\/strong><\/span><\/h1>\r\n<p style=\"text-align: center\"><strong>EN EL LXXX CONCURSO DE NACIMIENTOS DE LA ASOCIACI\u00d3N DE BELENISTAS DE MADRID.<\/strong><\/p>\r\n<hr \/>\r\n<p style=\"text-align: center;font-size: 22px\"><strong>\u00a1BIENVENIDOS AL BEL\u00c9N DEL COLEGIO MENESIANO!<\/strong><\/p>\r\n<p style=\"text-align: justify;font-size: 18px\">Esta p\u00e1gina est\u00e1 realizada con el \u00e1nimo de compartir con toda la Comunidad Educativa el bel\u00e9n del cole, todo lo que se ve en los montajes, y lo que no se ve, y que no queremos que os perd\u00e1is.<\/p>\r\n<p style=\"text-align: justify;font-size: 18px\">A trav\u00e9s de cada pesta\u00f1a se abre una ventana a otra forma de disfrutarlo. En unas encontrar\u00e9is los distintos montajes a trav\u00e9s de estos a\u00f1os, en otras informaci\u00f3n adicional a cada una de las escenas e, incluso, recomendaciones de libros, m\u00fasica, cine y alguna manualidad o juegos para disfrutar en familia. Todos los a\u00f1os se incorporar\u00e1n nuevos contenidos en los distintos apartados.<\/p>\r\n<p style=\"text-align: justify;font-size: 18px\">La tradici\u00f3n de poner el bel\u00e9n en cada uno de nuestros hogares es la mejor forma de no olvidar quienes somos, quienes quedaron atr\u00e1s y hacia donde queremos encauzar nuestro futuro. Poner el nacimiento es acercarse un poquito m\u00e1s a qui\u00e9n m\u00e1s nos ama.<\/p>\r\n<p style=\"text-align: justify;font-size: 18px\">De todo coraz\u00f3n, esperamos que lo pas\u00e9is bien en este recorrido.<\/p>\r\n<p style=\"text-align: center;font-size: 22px\">\u00a1FELIZ NAVIDAD!<\/p>\r\n\r\n\r\n\r\n\r\n\r\n\r\n\r\n\r\n","protected":false},"excerpt":{"rendered":"<p>DECLARACI\u00d3N DEL BELENISMO COMO MANIFESTACI\u00d3N REPRESENTATIVA DEL PATRIMONIO CULTURAL INMATERIAL (Real Decreto 481\/2022, de 14 de junio) EL BEL\u00c9N DEL COLEGIO MENESIANO 2022 PREMIADO CON MEDALLA DE PLATA EN EL LXXX CONCURSO DE NACIMIENTOS DE LA ASOCIACI\u00d3N DE BELENISTAS DE &hellip; <a href=\"http:\/\/www.blogsmenesiano.com\/montamoselbelen\/\">Sigue leyendo <span class=\"meta-nav\">&rarr;<\/span><\/a><\/p>\n","protected":false},"author":74,"featured_media":0,"parent":0,"menu_order":0,"comment_status":"closed","ping_status":"closed","template":"showcase.php","meta":[],"_links":{"self":[{"href":"http:\/\/www.blogsmenesiano.com\/montamoselbelen\/wp-json\/wp\/v2\/pages\/2"}],"collection":[{"href":"http:\/\/www.blogsmenesiano.com\/montamoselbelen\/wp-json\/wp\/v2\/pages"}],"about":[{"href":"http:\/\/www.blogsmenesiano.com\/montamoselbelen\/wp-json\/wp\/v2\/types\/page"}],"author":[{"embeddable":true,"href":"http:\/\/www.blogsmenesiano.com\/montamoselbelen\/wp-json\/wp\/v2\/users\/74"}],"replies":[{"embeddable":true,"href":"http:\/\/www.blogsmenesiano.com\/montamoselbelen\/wp-json\/wp\/v2\/comments?post=2"}],"version-history":[{"count":24,"href":"http:\/\/www.blogsmenesiano.com\/montamoselbelen\/wp-json\/wp\/v2\/pages\/2\/revisions"}],"predecessor-version":[{"id":836,"href":"http:\/\/www.blogsmenesiano.com\/montamoselbelen\/wp-json\/wp\/v2\/pages\/2\/revisions\/836"}],"wp:attachment":[{"href":"http:\/\/www.blogsmenesiano.com\/montamoselbelen\/wp-json\/wp\/v2\/media?parent=2"}],"curies":[{"name":"wp","href":"https:\/\/api.w.org\/{rel}","templated":true}]}}