{"id":262,"date":"2020-11-22T17:19:17","date_gmt":"2020-11-22T17:19:17","guid":{"rendered":"http:\/\/www.blogsmenesiano.com\/montamoselbelen\/?page_id=262"},"modified":"2022-12-11T16:52:13","modified_gmt":"2022-12-11T16:52:13","slug":"juegos","status":"publish","type":"page","link":"http:\/\/www.blogsmenesiano.com\/montamoselbelen\/pasatiempos\/juegos\/","title":{"rendered":"Juegos"},"content":{"rendered":"<p data-wp-editing=\"1\"><img loading=\"lazy\" class=\"aligncenter wp-image-578 size-full\" style=\"border: 0px\" src=\"http:\/\/www.blogsmenesiano.com\/montamoselbelen\/wp-content\/uploads\/sites\/29\/2020\/12\/Cenefa-2.jpg\" alt=\"\" width=\"865\" height=\"268\" srcset=\"http:\/\/www.blogsmenesiano.com\/montamoselbelen\/wp-content\/uploads\/sites\/29\/2020\/12\/Cenefa-2.jpg 865w, http:\/\/www.blogsmenesiano.com\/montamoselbelen\/wp-content\/uploads\/sites\/29\/2020\/12\/Cenefa-2-300x93.jpg 300w, http:\/\/www.blogsmenesiano.com\/montamoselbelen\/wp-content\/uploads\/sites\/29\/2020\/12\/Cenefa-2-768x238.jpg 768w, http:\/\/www.blogsmenesiano.com\/montamoselbelen\/wp-content\/uploads\/sites\/29\/2020\/12\/Cenefa-2-500x155.jpg 500w\" sizes=\"(max-width: 865px) 100vw, 865px\" \/><\/p>\n<p style=\"text-align: center\" data-wp-editing=\"1\"><span style=\"color: #0000ff\"><strong>SE ARM\u00d3 EL BEL\u00c9N<\/strong><\/span><\/p>\n<p style=\"text-align: center\" data-wp-editing=\"1\"><strong>EL JUEGO M\u00c1S DIVERTIDO DE CARTAS PARA TODA LA FAMILIA<\/strong><\/p>\n<p style=\"text-align: center\" data-wp-editing=\"1\"><a href=\"https:\/\/drive.google.com\/file\/d\/1CiiJxHGW29nF_aae32tEKNpH_dwcLrU-\/view?usp=sharing\">INSTRUCCIONES<\/a>\u00a0 \u00a0 \u00a0<a href=\"https:\/\/drive.google.com\/file\/d\/1be7EKExQdqwj6OaGnttuBR_2PWG2cJDm\/view?usp=sharing\">CARTAS PARA IMPRIMIR<\/a><\/p>\n<p><img loading=\"lazy\" class=\"alignleft wp-image-532 size-medium\" style=\"border: 0px\" src=\"http:\/\/www.blogsmenesiano.com\/montamoselbelen\/wp-content\/uploads\/sites\/29\/2020\/12\/CARATULA-300x223.jpg\" alt=\"\" width=\"300\" height=\"223\" srcset=\"http:\/\/www.blogsmenesiano.com\/montamoselbelen\/wp-content\/uploads\/sites\/29\/2020\/12\/CARATULA-300x223.jpg 300w, http:\/\/www.blogsmenesiano.com\/montamoselbelen\/wp-content\/uploads\/sites\/29\/2020\/12\/CARATULA-403x300.jpg 403w, http:\/\/www.blogsmenesiano.com\/montamoselbelen\/wp-content\/uploads\/sites\/29\/2020\/12\/CARATULA.jpg 652w\" sizes=\"(max-width: 300px) 100vw, 300px\" \/><img loading=\"lazy\" class=\"alignright wp-image-533 size-medium\" style=\"border: 0px\" src=\"http:\/\/www.blogsmenesiano.com\/montamoselbelen\/wp-content\/uploads\/sites\/29\/2020\/12\/cuadro-de-cartas-300x226.jpg\" alt=\"\" width=\"300\" height=\"226\" srcset=\"http:\/\/www.blogsmenesiano.com\/montamoselbelen\/wp-content\/uploads\/sites\/29\/2020\/12\/cuadro-de-cartas-300x226.jpg 300w, http:\/\/www.blogsmenesiano.com\/montamoselbelen\/wp-content\/uploads\/sites\/29\/2020\/12\/cuadro-de-cartas-768x578.jpg 768w, http:\/\/www.blogsmenesiano.com\/montamoselbelen\/wp-content\/uploads\/sites\/29\/2020\/12\/cuadro-de-cartas-399x300.jpg 399w, http:\/\/www.blogsmenesiano.com\/montamoselbelen\/wp-content\/uploads\/sites\/29\/2020\/12\/cuadro-de-cartas.jpg 795w\" sizes=\"(max-width: 300px) 100vw, 300px\" \/><\/p>\n<p>&nbsp;<\/p>\n<p>&nbsp;<\/p>\n<p>&nbsp;<\/p>\n<p>&nbsp;<\/p>\n<p>&nbsp;<\/p>\n<p>&nbsp;<\/p>\n<hr \/>\n<h1 style=\"text-align: center\"><span style=\"color: #0000ff\"><strong>A BEL\u00c9N PASTORES<\/strong><\/span><\/h1>\n<p style=\"text-align: center\"><strong>EL TRADICIONAL JUEGO DE LA OCA VERSI\u00d3N NAVIDE\u00d1A<\/strong><\/p>\n<p style=\"text-align: center\"><strong>SE EL PRIMERO EN LLEGAR A BEL\u00c9N\u00a0 DESDE NAZARET A TRAV\u00c9S DE LAS 63 CASILLAS DONDE ENCONTRAR\u00c1S ESTRELLAS QUE TE HAR\u00c1N VIAJAR M\u00c1S R\u00c1PIDAMENTE\u2026, PERO CUIDADO CON LOS ROMANOS O CON HERODES, QUE TE DAR\u00c1N M\u00c1S QUE UN DISGUSTO.<\/strong><\/p>\n<h3 style=\"text-align: center\"><strong>JUEGO DIGITAL PINCHA EN EL LA FOTO PARA ABRIR EL TABLERO Y LISTOS PARA JUGAR<\/strong><\/h3>\n<p><a href=\"https:\/\/view.genial.ly\/5fc00316897240135b106eb5\/interactive-content-a-belen-pastores\"><img loading=\"lazy\" class=\"alignnone size-medium wp-image-582 aligncenter\" style=\"border: 0px\" src=\"http:\/\/www.blogsmenesiano.com\/montamoselbelen\/wp-content\/uploads\/sites\/29\/2020\/12\/Tableto-oca-300x144.jpg\" alt=\"\" width=\"300\" height=\"144\" srcset=\"http:\/\/www.blogsmenesiano.com\/montamoselbelen\/wp-content\/uploads\/sites\/29\/2020\/12\/Tableto-oca-300x144.jpg 300w, http:\/\/www.blogsmenesiano.com\/montamoselbelen\/wp-content\/uploads\/sites\/29\/2020\/12\/Tableto-oca-1024x492.jpg 1024w, http:\/\/www.blogsmenesiano.com\/montamoselbelen\/wp-content\/uploads\/sites\/29\/2020\/12\/Tableto-oca-768x369.jpg 768w, http:\/\/www.blogsmenesiano.com\/montamoselbelen\/wp-content\/uploads\/sites\/29\/2020\/12\/Tableto-oca-500x240.jpg 500w, http:\/\/www.blogsmenesiano.com\/montamoselbelen\/wp-content\/uploads\/sites\/29\/2020\/12\/Tableto-oca.jpg 1159w\" sizes=\"(max-width: 300px) 100vw, 300px\" \/><\/a><\/p>\n<hr \/>\n<h1 style=\"text-align: center\"><span style=\"color: #0000ff\"><strong>EL MAESTRO BELENISTA<\/strong><\/span><\/h1>\n<p style=\"text-align: center\"><strong>COMPRUEBA TUS CONOCIMIENTOS SOBRE LA VIDA EN TIEMPOS DEL NACIMIENTO DE JES\u00daS. SI ACIERTAS TODAS LAS PREGUNTAS TE CONVERTIR\u00c1S EN UN MAESTRO BELENISTA.<\/strong><\/p>\n<p><a href=\"https:\/\/view.genial.ly\/5fbe134a1670610d0dfce739\/game-el-maestro-belenista\"><img loading=\"lazy\" class=\"alignnone size-medium wp-image-610 aligncenter\" style=\"border: 0px\" src=\"http:\/\/www.blogsmenesiano.com\/montamoselbelen\/wp-content\/uploads\/sites\/29\/2020\/12\/El-maestro-belenista-300x151.jpg\" alt=\"\" width=\"300\" height=\"151\" srcset=\"http:\/\/www.blogsmenesiano.com\/montamoselbelen\/wp-content\/uploads\/sites\/29\/2020\/12\/El-maestro-belenista-300x151.jpg 300w, http:\/\/www.blogsmenesiano.com\/montamoselbelen\/wp-content\/uploads\/sites\/29\/2020\/12\/El-maestro-belenista-1024x517.jpg 1024w, http:\/\/www.blogsmenesiano.com\/montamoselbelen\/wp-content\/uploads\/sites\/29\/2020\/12\/El-maestro-belenista-768x387.jpg 768w, http:\/\/www.blogsmenesiano.com\/montamoselbelen\/wp-content\/uploads\/sites\/29\/2020\/12\/El-maestro-belenista-500x252.jpg 500w, http:\/\/www.blogsmenesiano.com\/montamoselbelen\/wp-content\/uploads\/sites\/29\/2020\/12\/El-maestro-belenista.jpg 1108w\" sizes=\"(max-width: 300px) 100vw, 300px\" \/><\/a><\/p>\n<h3 style=\"text-align: center\"><strong>JUEGO DIGITAL PINCHA EN EL LA FOTO PARA ABRIR EL TABLERO Y LISTOS PARA JUGAR<\/strong><\/h3>\n<hr \/>\n<h1 style=\"text-align: center\"><span style=\"color: #0000ff\"><strong>SENET<\/strong><\/span><\/h1>\n<p style=\"text-align: center\"><strong>SI QUIERES EMULAR A LOS ANTIGUOS EGIPCIOS Y PASAR UN BUEN RATO JUGANDO AQU\u00cd TIENES UN JUEGO DE TABLERO DE LOS M\u00c1S ANTIGUOS QUE SE CONOCEN<\/strong><\/p>\n<p><a href=\"https:\/\/drive.google.com\/file\/d\/1ZDv6kEi8ca4j7utK_tBTPf8_UIDBycke\/view?usp=sharing\"><img loading=\"lazy\" class=\"alignnone size-medium wp-image-757 aligncenter\" style=\"border: 0px\" src=\"http:\/\/www.blogsmenesiano.com\/montamoselbelen\/wp-content\/uploads\/sites\/29\/2021\/12\/senet-web.jpg\" alt=\"\" width=\"300\" height=\"150\" \/><\/a><\/p>\n<h3 style=\"text-align: center\"><strong>para conocer las reglas del juego pincha en la foto<\/strong><\/h3>\n<hr \/>\n<h1 style=\"text-align: center\"><span style=\"color: #0000ff\"><strong>EL MOLINO<\/strong><\/span><\/h1>\n<p style=\"text-align: center\"><strong>SI QUIERES JUGAR A UNO DE LOS JUEGOS DE ESTRATEGIA CON EL QUE LOS VECINOS DE JES\u00daS PASABAN EL TIEMPO EST\u00c1S EN EL SITIO ADECUADO<\/strong><\/p>\n<p><a href=\"https:\/\/drive.google.com\/file\/d\/1YzjDspo7l6LiwXVfI8fm7STqcAMqtiu0\/view?usp=share_link\"><img loading=\"lazy\" class=\"alignnone size-medium wp-image-757 aligncenter\" style=\"border: 0px\" src=\"http:\/\/www.blogsmenesiano.com\/montamoselbelen\/wp-content\/uploads\/sites\/29\/2022\/12\/molino-web.jpg\" alt=\"\" width=\"300\" height=\"150\" \/><\/a><\/p>\n<h3 style=\"text-align: center\"><strong>para conocer las reglas del juego pincha en la foto<\/strong><\/h3>\n","protected":false},"excerpt":{"rendered":"<p>SE ARM\u00d3 EL BEL\u00c9N EL JUEGO M\u00c1S DIVERTIDO DE CARTAS PARA TODA LA FAMILIA INSTRUCCIONES\u00a0 \u00a0 \u00a0CARTAS PARA IMPRIMIR &nbsp; &nbsp; &nbsp; &nbsp; &nbsp; &nbsp; A BEL\u00c9N PASTORES EL TRADICIONAL JUEGO DE LA OCA VERSI\u00d3N NAVIDE\u00d1A SE EL PRIMERO EN &hellip; <a href=\"http:\/\/www.blogsmenesiano.com\/montamoselbelen\/pasatiempos\/juegos\/\">Sigue leyendo <span class=\"meta-nav\">&rarr;<\/span><\/a><\/p>\n","protected":false},"author":74,"featured_media":0,"parent":93,"menu_order":2,"comment_status":"closed","ping_status":"closed","template":"showcase.php","meta":[],"_links":{"self":[{"href":"http:\/\/www.blogsmenesiano.com\/montamoselbelen\/wp-json\/wp\/v2\/pages\/262"}],"collection":[{"href":"http:\/\/www.blogsmenesiano.com\/montamoselbelen\/wp-json\/wp\/v2\/pages"}],"about":[{"href":"http:\/\/www.blogsmenesiano.com\/montamoselbelen\/wp-json\/wp\/v2\/types\/page"}],"author":[{"embeddable":true,"href":"http:\/\/www.blogsmenesiano.com\/montamoselbelen\/wp-json\/wp\/v2\/users\/74"}],"replies":[{"embeddable":true,"href":"http:\/\/www.blogsmenesiano.com\/montamoselbelen\/wp-json\/wp\/v2\/comments?post=262"}],"version-history":[{"count":47,"href":"http:\/\/www.blogsmenesiano.com\/montamoselbelen\/wp-json\/wp\/v2\/pages\/262\/revisions"}],"predecessor-version":[{"id":815,"href":"http:\/\/www.blogsmenesiano.com\/montamoselbelen\/wp-json\/wp\/v2\/pages\/262\/revisions\/815"}],"up":[{"embeddable":true,"href":"http:\/\/www.blogsmenesiano.com\/montamoselbelen\/wp-json\/wp\/v2\/pages\/93"}],"wp:attachment":[{"href":"http:\/\/www.blogsmenesiano.com\/montamoselbelen\/wp-json\/wp\/v2\/media?parent=262"}],"curies":[{"name":"wp","href":"https:\/\/api.w.org\/{rel}","templated":true}]}}