{"id":956,"date":"2024-12-10T17:11:20","date_gmt":"2024-12-10T17:11:20","guid":{"rendered":"https:\/\/www.blogsmenesiano.com\/montamoselbelen\/?page_id=956"},"modified":"2025-12-12T16:44:39","modified_gmt":"2025-12-12T16:44:39","slug":"participa-en-el-concurso","status":"publish","type":"page","link":"http:\/\/www.blogsmenesiano.com\/montamoselbelen\/pasatiempos\/participa-en-el-concurso\/","title":{"rendered":"PARTICIPA EN EL CONCURSO"},"content":{"rendered":"<div>\n<p style=\"text-align: center\"><span style=\"color: #3366ff\"><strong>CONCURSO 2025<\/strong><\/span><\/p>\n<p style=\"text-align: center\"><strong>CONTESTA CORRECTAMENTE A LAS 5 PREGUNTAS<\/strong><\/p>\n<p style=\"text-align: center\"><a href=\"https:\/\/forms.gle\/AUeyiAjVBype1n3K8\"><b>PINCHA EN EL LINK<\/b><\/a><\/p>\n<p style=\"text-align: center\">ENTRE TODOS LOS ACERTANTES SE SORTEAR\u00c1N UNOS DETALLES NAVIDE\u00d1OS.<\/p>\n<p style=\"text-align: center\">(En caso de no producirse acertantes, se sortear\u00e1n de entre todos los participantes)<\/p>\n<div style=\"text-align: center\">El sorteo se celebrar\u00e1 el d\u00eda 18 y la entrega el d\u00eda 19.<\/div>\n<div style=\"text-align: center\">\u00a1Animaos a participar!<\/div>\n<div style=\"text-align: center\"><\/div>\n<\/div>\n<div><\/div>\n<div style=\"text-align: center\">\n<hr \/>\n<p><span style=\"color: #3366ff\"><strong>CONCURSO 2024<\/strong><\/span><\/p>\n<\/div>\n<div><\/div>\n<div style=\"text-align: center\"><strong>\u00a0D\u00cdA 19 SE HA CERRADO EL CONCURSO DEL BEL\u00c9N COLEGIO MENESIANO<\/strong><\/div>\n<div style=\"text-align: center\"><strong>HAN PARTICIPADO 28 ALUMNOS\u00a0<\/strong><\/div>\n<div style=\"text-align: center\"><strong>HAN ACERTADO TODAS LAS PREGUNTAS 4 ALUMNOS .<\/strong><\/div>\n<div style=\"text-align: center\"><strong>EL 20 DE DICIEMBRE HAN RECIBIDO EN SUS AULAS LA BOLSA REGALO CON DETALLES NAVIDE\u00d1OS\u00a0<\/strong><\/div>\n<div><\/div>\n<div style=\"text-align: center\"><strong>GRACIAS POR PARTICIPAR<\/strong><\/div>\n<hr \/>\n<div style=\"text-align: center\"><\/div>\n","protected":false},"excerpt":{"rendered":"<p>CONCURSO 2025 CONTESTA CORRECTAMENTE A LAS 5 PREGUNTAS PINCHA EN EL LINK ENTRE TODOS LOS ACERTANTES SE SORTEAR\u00c1N UNOS DETALLES NAVIDE\u00d1OS. (En caso de no producirse acertantes, se sortear\u00e1n de entre todos los participantes) El sorteo se celebrar\u00e1 el d\u00eda &hellip; <a href=\"http:\/\/www.blogsmenesiano.com\/montamoselbelen\/pasatiempos\/participa-en-el-concurso\/\">Sigue leyendo <span class=\"meta-nav\">&rarr;<\/span><\/a><\/p>\n","protected":false},"author":74,"featured_media":0,"parent":93,"menu_order":1,"comment_status":"closed","ping_status":"closed","template":"","meta":[],"_links":{"self":[{"href":"http:\/\/www.blogsmenesiano.com\/montamoselbelen\/wp-json\/wp\/v2\/pages\/956"}],"collection":[{"href":"http:\/\/www.blogsmenesiano.com\/montamoselbelen\/wp-json\/wp\/v2\/pages"}],"about":[{"href":"http:\/\/www.blogsmenesiano.com\/montamoselbelen\/wp-json\/wp\/v2\/types\/page"}],"author":[{"embeddable":true,"href":"http:\/\/www.blogsmenesiano.com\/montamoselbelen\/wp-json\/wp\/v2\/users\/74"}],"replies":[{"embeddable":true,"href":"http:\/\/www.blogsmenesiano.com\/montamoselbelen\/wp-json\/wp\/v2\/comments?post=956"}],"version-history":[{"count":10,"href":"http:\/\/www.blogsmenesiano.com\/montamoselbelen\/wp-json\/wp\/v2\/pages\/956\/revisions"}],"predecessor-version":[{"id":1006,"href":"http:\/\/www.blogsmenesiano.com\/montamoselbelen\/wp-json\/wp\/v2\/pages\/956\/revisions\/1006"}],"up":[{"embeddable":true,"href":"http:\/\/www.blogsmenesiano.com\/montamoselbelen\/wp-json\/wp\/v2\/pages\/93"}],"wp:attachment":[{"href":"http:\/\/www.blogsmenesiano.com\/montamoselbelen\/wp-json\/wp\/v2\/media?parent=956"}],"curies":[{"name":"wp","href":"https:\/\/api.w.org\/{rel}","templated":true}]}}